{"id":3,"date":"2025-07-27T14:29:32","date_gmt":"2025-07-27T14:29:32","guid":{"rendered":"https:\/\/eko-garten.de\/?page_id=3"},"modified":"2025-10-29T10:16:58","modified_gmt":"2025-10-29T10:16:58","slug":"datenschutz","status":"publish","type":"page","link":"https:\/\/eko-garten.de\/index.php\/datenschutz\/","title":{"rendered":"Datenschutz"},"content":{"rendered":"[et_pb_section fb_built=&#8220;1&#8243; fullwidth=&#8220;on&#8220; theme_builder_area=&#8220;post_content&#8220; _builder_version=&#8220;4.27.4&#8243; _module_preset=&#8220;default&#8220;][et_pb_fullwidth_image src=&#8220;https:\/\/eko-garten.de\/wp-content\/uploads\/2025\/10\/6d5c87d5-946b-4061-bb0b-d8c1e239154f-1-e1761732161949.jpeg&#8220; _builder_version=&#8220;4.27.4&#8243; _module_preset=&#8220;default&#8220; theme_builder_area=&#8220;post_content&#8220; hover_enabled=&#8220;0&#8243; sticky_enabled=&#8220;0&#8243; title_text=&#8220;6d5c87d5-946b-4061-bb0b-d8c1e239154f (1)&#8220; max_height=&#8220;443px&#8220;][\/et_pb_fullwidth_image][\/et_pb_section][et_pb_section fb_built=&#8220;1&#8243; _builder_version=&#8220;4.16&#8243; global_colors_info=&#8220;{}&#8220;][et_pb_row _builder_version=&#8220;4.16&#8243; background_size=&#8220;initial&#8220; background_position=&#8220;top_left&#8220; background_repeat=&#8220;repeat&#8220; hover_enabled=&#8220;0&#8243; global_colors_info=&#8220;{}&#8220; sticky_enabled=&#8220;0&#8243;][et_pb_column type=&#8220;4_4&#8243; _builder_version=&#8220;4.16&#8243; custom_padding=&#8220;|||&#8220; global_colors_info=&#8220;{}&#8220; custom_padding__hover=&#8220;|||&#8220;][et_pb_text _builder_version=&#8220;4.27.4&#8243; background_size=&#8220;initial&#8220; background_position=&#8220;top_left&#8220; background_repeat=&#8220;repeat&#8220; hover_enabled=&#8220;0&#8243; global_colors_info=&#8220;{}&#8220; _module_preset=&#8220;af45fd58-6546-4f5e-b446-43c6b051b9ff&#8220; sticky_enabled=&#8220;0&#8243;]<p><\/p>\n<h2 class=\"wp-block-heading\" data-start=\"573\" data-end=\"600\"><strong data-start=\"577\" data-end=\"600\">Datenschutzerkl\u00e4rung<\/strong><\/h2>\n<h3 data-start=\"573\" data-end=\"600\"><strong data-start=\"577\" data-end=\"600\"><br \/>1. Verantwortlicher<\/strong><\/h3>\n<p data-start=\"602\" data-end=\"745\">EKO Landschaftsgartenbau<br data-start=\"626\" data-end=\"629\" \/>Inhaber: <strong data-start=\"638\" data-end=\"650\">Ekrem Kryeziu<\/strong><br data-start=\"650\" data-end=\"653\" \/>Seestra\u00dfe 22<br data-start=\"665\" data-end=\"668\" \/>73666 Baltmannsweiler<br data-start=\"689\" data-end=\"692\" \/>Telefon: 0179 140 2338<br data-start=\"714\" data-end=\"717\" \/>E-Mail: <a data-start=\"725\" data-end=\"743\" class=\"decorated-link cursor-pointer\" rel=\"noopener\">info@eko-garten.de<span aria-hidden=\"true\" class=\"ms-0.5 inline-block align-middle leading-none\"><svg width=\"20\" height=\"20\" viewbox=\"0 0 20 20\" fill=\"currentColor\" xmlns=\"http:\/\/www.w3.org\/2000\/svg\" data-rtl-flip=\"\" class=\"block h-[0.75em] w-[0.75em] stroke-current stroke-[0.75]\"><path d=\"M14.3349 13.3301V6.60645L5.47065 15.4707C5.21095 15.7304 4.78895 15.7304 4.52925 15.4707C4.26955 15.211 4.26955 14.789 4.52925 14.5293L13.3935 5.66504H6.66011C6.29284 5.66504 5.99507 5.36727 5.99507 5C5.99507 4.63273 6.29284 4.33496 6.66011 4.33496H14.9999L15.1337 4.34863C15.4369 4.41057 15.665 4.67857 15.665 5V13.3301C15.6649 13.6973 15.3672 13.9951 14.9999 13.9951C14.6327 13.9951 14.335 13.6973 14.3349 13.3301Z\"><\/path><\/svg><\/span><\/a><\/p>\n<hr data-start=\"747\" data-end=\"750\" \/>\n<h3 data-start=\"752\" data-end=\"852\"><strong data-start=\"756\" data-end=\"852\"><br \/>2. Erhebung und Speicherung personenbezogener Daten sowie Art und Zweck von deren Verwendung<br \/><br \/><\/strong><\/h3>\n<h4 data-start=\"854\" data-end=\"889\"><strong data-start=\"859\" data-end=\"889\">a) Beim Besuch der Website<\/strong><\/h4>\n<p data-start=\"890\" data-end=\"1147\">Beim Aufrufen unserer Website werden automatisch Informationen durch den Browser Ihres Endger\u00e4ts an den Server unserer Website gesendet. Diese Informationen werden tempor\u00e4r in sogenannten Logfiles gespeichert.<br data-start=\"1099\" data-end=\"1102\" \/>Folgende Daten k\u00f6nnen dabei erhoben werden:<\/p>\n<ul data-start=\"1149\" data-end=\"1389\">\n<li data-start=\"1149\" data-end=\"1188\">\n<p data-start=\"1151\" data-end=\"1188\">IP-Adresse des anfragenden Rechners<\/p>\n<\/li>\n<li data-start=\"1189\" data-end=\"1223\">\n<p data-start=\"1191\" data-end=\"1223\">Datum und Uhrzeit des Zugriffs<\/p>\n<\/li>\n<li data-start=\"1224\" data-end=\"1262\">\n<p data-start=\"1226\" data-end=\"1262\">Name und URL der abgerufenen Datei<\/p>\n<\/li>\n<li data-start=\"1263\" data-end=\"1322\">\n<p data-start=\"1265\" data-end=\"1322\">Website, von der aus der Zugriff erfolgt (Referrer-URL)<\/p>\n<\/li>\n<li data-start=\"1323\" data-end=\"1389\">\n<p data-start=\"1325\" data-end=\"1389\">Verwendeter Browser und ggf. das Betriebssystem Ihres Rechners<\/p>\n<\/li>\n<\/ul>\n<p data-start=\"1391\" data-end=\"1568\">Die Datenverarbeitung erfolgt, um die Nutzung der Website zu erm\u00f6glichen und Systemsicherheit und -stabilit\u00e4t zu gew\u00e4hrleisten.<br data-start=\"1518\" data-end=\"1521\" \/>Rechtsgrundlage ist Art. 6 Abs. 1 lit. f DSGVO.<\/p>\n<hr data-start=\"1570\" data-end=\"1573\" \/>\n<h4 data-start=\"1575\" data-end=\"1643\"><strong data-start=\"1580\" data-end=\"1643\"><br \/>b) Bei Nutzung des Kontaktformulars oder bei E-Mail-Kontakt<\/strong><\/h4>\n<p data-start=\"1644\" data-end=\"1930\">Wenn Sie uns per Kontaktformular oder E-Mail ansprechen, werden Ihre angegebenen Daten (z. B. Name, E-Mail-Adresse, Telefonnummer, Nachricht) gespeichert, um Ihre Anfrage zu bearbeiten.<br data-start=\"1829\" data-end=\"1832\" \/>Rechtsgrundlage ist Art. 6 Abs. 1 lit. b DSGVO (Vertragserf\u00fcllung bzw. vorvertragliche Ma\u00dfnahmen).<\/p>\n<p data-start=\"1932\" data-end=\"2019\">Die Daten werden gel\u00f6scht, sobald sie f\u00fcr die Bearbeitung nicht mehr erforderlich sind.<\/p>\n<hr data-start=\"2021\" data-end=\"2024\" \/>\n<h3 data-start=\"2026\" data-end=\"2057\"><strong data-start=\"2030\" data-end=\"2057\"><br \/>3. Weitergabe von Daten<\/strong><\/h3>\n<p data-start=\"2058\" data-end=\"2152\">Eine \u00dcbermittlung Ihrer pers\u00f6nlichen Daten an Dritte findet grunds\u00e4tzlich nicht statt, au\u00dfer<\/p>\n<ul data-start=\"2153\" data-end=\"2388\">\n<li data-start=\"2153\" data-end=\"2222\">\n<p data-start=\"2155\" data-end=\"2222\">Sie haben ausdr\u00fccklich eingewilligt (Art. 6 Abs. 1 lit. a DSGVO),<\/p>\n<\/li>\n<li data-start=\"2223\" data-end=\"2310\">\n<p data-start=\"2225\" data-end=\"2310\">die Weitergabe ist gesetzlich zul\u00e4ssig und zur Vertragserf\u00fcllung erforderlich, oder<\/p>\n<\/li>\n<li data-start=\"2311\" data-end=\"2388\">\n<p data-start=\"2313\" data-end=\"2388\">es besteht eine rechtliche Verpflichtung dazu (Art. 6 Abs. 1 lit. c DSGVO).<\/p>\n<\/li>\n<\/ul>\n<hr data-start=\"2390\" data-end=\"2393\" \/>\n<h3 data-start=\"2065\" data-end=\"2105\"><strong data-start=\"2069\" data-end=\"2103\"><br \/>4. Verwendung von Google Fonts<\/strong><\/h3>\n<p data-start=\"2106\" data-end=\"2267\">Auf unserer Website werden Schriftarten von <strong data-start=\"2150\" data-end=\"2166\">Google Fonts<\/strong> verwendet, einem Dienst der Google Ireland Limited, Gordon House, Barrow Street, Dublin 4, Irland.<\/p>\n<p data-start=\"2269\" data-end=\"2490\">Die Google Fonts sind <strong data-start=\"2291\" data-end=\"2334\">lokal auf unserem Webserver eingebunden<\/strong>. Eine Verbindung zu Servern von Google findet dabei nicht statt.<br data-start=\"2399\" data-end=\"2402\" \/>Dadurch werden keine personenbezogenen Daten (z. B. IP-Adressen) an Google \u00fcbertragen.<\/p>\n<p data-start=\"2492\" data-end=\"2693\">Die Nutzung von Google Fonts erfolgt im Interesse einer einheitlichen und ansprechenden Darstellung unserer Website.<br data-start=\"2608\" data-end=\"2611\" \/>Rechtsgrundlage hierf\u00fcr ist Art. 6 Abs. 1 lit. f DSGVO (berechtigtes Interesse).<\/p>\n<p data-start=\"2695\" data-end=\"2962\">Weitere Informationen zu Google Fonts finden Sie unter:<br data-start=\"2750\" data-end=\"2753\" \/><a data-start=\"2753\" data-end=\"2835\" class=\"decorated-link cursor-pointer\" rel=\"noopener\" target=\"_new\">https:\/\/developers.google.com\/fonts\/faq<span aria-hidden=\"true\" class=\"ms-0.5 inline-block align-middle leading-none\"><svg width=\"20\" height=\"20\" viewbox=\"0 0 20 20\" fill=\"currentColor\" xmlns=\"http:\/\/www.w3.org\/2000\/svg\" data-rtl-flip=\"\" class=\"block h-[0.75em] w-[0.75em] stroke-current stroke-[0.75]\"><path d=\"M14.3349 13.3301V6.60645L5.47065 15.4707C5.21095 15.7304 4.78895 15.7304 4.52925 15.4707C4.26955 15.211 4.26955 14.789 4.52925 14.5293L13.3935 5.66504H6.66011C6.29284 5.66504 5.99507 5.36727 5.99507 5C5.99507 4.63273 6.29284 4.33496 6.66011 4.33496H14.9999L15.1337 4.34863C15.4369 4.41057 15.665 4.67857 15.665 5V13.3301C15.6649 13.6973 15.3672 13.9951 14.9999 13.9951C14.6327 13.9951 14.335 13.6973 14.3349 13.3301Z\"><\/path><\/svg><\/span><\/a><br data-start=\"2835\" data-end=\"2838\" \/>sowie in der Datenschutzerkl\u00e4rung von Google:<br data-start=\"2883\" data-end=\"2886\" \/><a data-start=\"2886\" data-end=\"2960\" class=\"decorated-link cursor-pointer\" rel=\"noopener\" target=\"_new\">https:\/\/policies.google.com\/privacy<\/a><\/p>\n<hr data-start=\"2831\" data-end=\"2834\" \/>\n<h3 data-start=\"2836\" data-end=\"2854\"><strong data-start=\"2840\" data-end=\"2854\"><br \/>5. Cookies<\/strong><\/h3>\n<p data-start=\"2855\" data-end=\"3134\">Unsere Website verwendet ggf. Cookies, um die Nutzung zu erleichtern oder statistische Auswertungen zu erm\u00f6glichen.<br data-start=\"2970\" data-end=\"2973\" \/>Sie k\u00f6nnen Ihren Browser so einstellen, dass keine Cookies gespeichert werden.<br data-start=\"3051\" data-end=\"3054\" \/>Rechtsgrundlage f\u00fcr technisch notwendige Cookies ist Art. 6 Abs. 1 lit. f DSGVO.<\/p>\n<hr data-start=\"3136\" data-end=\"3139\" \/>\n<h3 data-start=\"3141\" data-end=\"3163\"><strong data-start=\"3145\" data-end=\"3163\"><br \/>6. Ihre Rechte<\/strong><\/h3>\n<p data-start=\"3164\" data-end=\"3204\">Sie haben folgende Rechte gem\u00e4\u00df DSGVO:<\/p>\n<ul data-start=\"3206\" data-end=\"3480\">\n<li data-start=\"3206\" data-end=\"3244\">\n<p data-start=\"3208\" data-end=\"3244\">Recht auf Auskunft (Art. 15 DSGVO)<\/p>\n<\/li>\n<li data-start=\"3245\" data-end=\"3287\">\n<p data-start=\"3247\" data-end=\"3287\">Recht auf Berichtigung (Art. 16 DSGVO)<\/p>\n<\/li>\n<li data-start=\"3288\" data-end=\"3326\">\n<p data-start=\"3290\" data-end=\"3326\">Recht auf L\u00f6schung (Art. 17 DSGVO)<\/p>\n<\/li>\n<li data-start=\"3327\" data-end=\"3387\">\n<p data-start=\"3329\" data-end=\"3387\">Recht auf Einschr\u00e4nkung der Verarbeitung (Art. 18 DSGVO)<\/p>\n<\/li>\n<li data-start=\"3388\" data-end=\"3438\">\n<p data-start=\"3390\" data-end=\"3438\">Recht auf Daten\u00fcbertragbarkeit (Art. 20 DSGVO)<\/p>\n<\/li>\n<li data-start=\"3439\" data-end=\"3480\">\n<p data-start=\"3441\" data-end=\"3480\">Recht auf Widerspruch (Art. 21 DSGVO)<\/p>\n<\/li>\n<\/ul>\n<p data-start=\"3482\" data-end=\"3553\">Zur Aus\u00fcbung Ihrer Rechte gen\u00fcgt eine E-Mail an: <strong data-start=\"3531\" data-end=\"3553\"><a data-start=\"3533\" data-end=\"3551\" class=\"decorated-link cursor-pointer\" rel=\"noopener\">info@eko-garten.de<span aria-hidden=\"true\" class=\"ms-0.5 inline-block align-middle leading-none\"><svg width=\"20\" height=\"20\" viewbox=\"0 0 20 20\" fill=\"currentColor\" xmlns=\"http:\/\/www.w3.org\/2000\/svg\" data-rtl-flip=\"\" class=\"block h-[0.75em] w-[0.75em] stroke-current stroke-[0.75]\"><path d=\"M14.3349 13.3301V6.60645L5.47065 15.4707C5.21095 15.7304 4.78895 15.7304 4.52925 15.4707C4.26955 15.211 4.26955 14.789 4.52925 14.5293L13.3935 5.66504H6.66011C6.29284 5.66504 5.99507 5.36727 5.99507 5C5.99507 4.63273 6.29284 4.33496 6.66011 4.33496H14.9999L15.1337 4.34863C15.4369 4.41057 15.665 4.67857 15.665 5V13.3301C15.6649 13.6973 15.3672 13.9951 14.9999 13.9951C14.6327 13.9951 14.335 13.6973 14.3349 13.3301Z\"><\/path><\/svg><\/span><\/a><\/strong><\/p>\n<hr data-start=\"3555\" data-end=\"3558\" \/>\n<h3 data-start=\"3560\" data-end=\"3586\"><strong data-start=\"3564\" data-end=\"3586\"><br \/>7. Beschwerderecht<\/strong><\/h3>\n<p data-start=\"3587\" data-end=\"3805\">Sie haben das Recht, sich bei einer Aufsichtsbeh\u00f6rde zu beschweren, wenn Sie der Ansicht sind, dass die Verarbeitung Ihrer personenbezogenen Daten gegen die DSGVO verst\u00f6\u00dft.<br data-start=\"3759\" data-end=\"3762\" \/>Zust\u00e4ndig ist in Baden-W\u00fcrttemberg z. B.:<\/p>\n<p data-start=\"3807\" data-end=\"4019\">Der Landesbeauftragte f\u00fcr den Datenschutz und die Informationsfreiheit Baden-W\u00fcrttemberg<br data-start=\"3895\" data-end=\"3898\" \/>K\u00f6nigstra\u00dfe 10a, 70173 Stuttgart<br data-start=\"3930\" data-end=\"3933\" \/><a data-start=\"3933\" data-end=\"4019\" rel=\"noopener\" target=\"_new\" class=\"decorated-link cursor-pointer\">www.baden-wuerttemberg.datenschutz.de<span aria-hidden=\"true\" class=\"ms-0.5 inline-block align-middle leading-none\"><svg width=\"20\" height=\"20\" viewbox=\"0 0 20 20\" fill=\"currentColor\" xmlns=\"http:\/\/www.w3.org\/2000\/svg\" data-rtl-flip=\"\" class=\"block h-[0.75em] w-[0.75em] stroke-current stroke-[0.75]\"><path d=\"M14.3349 13.3301V6.60645L5.47065 15.4707C5.21095 15.7304 4.78895 15.7304 4.52925 15.4707C4.26955 15.211 4.26955 14.789 4.52925 14.5293L13.3935 5.66504H6.66011C6.29284 5.66504 5.99507 5.36727 5.99507 5C5.99507 4.63273 6.29284 4.33496 6.66011 4.33496H14.9999L15.1337 4.34863C15.4369 4.41057 15.665 4.67857 15.665 5V13.3301C15.6649 13.6973 15.3672 13.9951 14.9999 13.9951C14.6327 13.9951 14.335 13.6973 14.3349 13.3301Z\"><\/path><\/svg><\/span><\/a><\/p>\n<hr data-start=\"4021\" data-end=\"4024\" \/>\n<h3 data-start=\"4026\" data-end=\"4052\"><strong data-start=\"4030\" data-end=\"4052\"><br \/>8. Datensicherheit<\/strong><\/h3>\n<p data-start=\"4053\" data-end=\"4209\">Wir verwenden geeignete technische und organisatorische Sicherheitsma\u00dfnahmen, um Ihre Daten gegen Manipulation, Verlust oder unbefugten Zugriff zu sch\u00fctzen.<\/p>\n<hr data-start=\"4211\" data-end=\"4214\" \/>\n<h3 data-start=\"4216\" data-end=\"4278\"><strong data-start=\"4220\" data-end=\"4278\"><br \/>9. Aktualit\u00e4t und \u00c4nderung dieser Datenschutzerkl\u00e4rung<\/strong><\/h3>\n<p data-start=\"4279\" data-end=\"4467\">Diese Datenschutzerkl\u00e4rung ist aktuell g\u00fcltig (Stand: Oktober 2025).<br data-start=\"4347\" data-end=\"4350\" \/>Durch die Weiterentwicklung unserer Website oder gesetzliche \u00c4nderungen kann eine Aktualisierung erforderlich werden.<\/p>[\/et_pb_text][\/et_pb_column][\/et_pb_row][\/et_pb_section][et_pb_section fb_built=&#8220;1&#8243; admin_label=&#8220;Footer&#8220; _builder_version=&#8220;4.24.2&#8243; _module_preset=&#8220;default&#8220; background_color=&#8220;gcid-0a70bcaa-1736-40e0-9723-4fb88b8b6694&#8243; custom_padding=&#8220;23px||10px|||&#8220; saved_tabs=&#8220;all&#8220; collapsed=&#8220;on&#8220; global_colors_info=&#8220;{%22gcid-0a70bcaa-1736-40e0-9723-4fb88b8b6694%22:%91%22background_color%22%93}&#8220; global_module=&#8220;101&#8243; theme_builder_area=&#8220;post_content&#8220;][et_pb_row _builder_version=&#8220;4.24.2&#8243; _module_preset=&#8220;default&#8220; global_colors_info=&#8220;{}&#8220; theme_builder_area=&#8220;post_content&#8220;][et_pb_column type=&#8220;4_4&#8243; _builder_version=&#8220;4.24.2&#8243; _module_preset=&#8220;default&#8220; global_colors_info=&#8220;{}&#8220; theme_builder_area=&#8220;post_content&#8220;][et_pb_image src=&#8220;https:\/\/eko-garten.de\/wp-content\/uploads\/2025\/10\/Logo_weiss.png&#8220; title_text=&#8220;Logo_weiss&#8220; align=&#8220;center&#8220; _builder_version=&#8220;4.27.4&#8243; _module_preset=&#8220;default&#8220; width=&#8220;21%&#8220; global_colors_info=&#8220;{}&#8220; theme_builder_area=&#8220;post_content&#8220;][\/et_pb_image][\/et_pb_column][\/et_pb_row][et_pb_row _builder_version=&#8220;4.25.0&#8243; _module_preset=&#8220;default&#8220; custom_padding=&#8220;4px|||||&#8220; global_colors_info=&#8220;{}&#8220; theme_builder_area=&#8220;post_content&#8220;][et_pb_column type=&#8220;4_4&#8243; _builder_version=&#8220;4.23.2&#8243; _module_preset=&#8220;default&#8220; global_colors_info=&#8220;{}&#8220; theme_builder_area=&#8220;post_content&#8220;][et_pb_text _builder_version=&#8220;4.27.4&#8243; _module_preset=&#8220;f7412495-8582-42ed-9230-5b4a374cd445&#8243; text_text_color=&#8220;#FFFFFF&#8220; global_colors_info=&#8220;{}&#8220; theme_builder_area=&#8220;post_content&#8220;]<p style=\"text-align: center;\"><span>Seestr. 22<br \/>73666 Baltmannsweiler<br \/><\/span><span>Tel.: 0179 140 2338<br \/>Mail: info@eko-garten.de<\/span><\/p>[\/et_pb_text][\/et_pb_column][\/et_pb_row][et_pb_row _builder_version=&#8220;4.25.0&#8243; _module_preset=&#8220;default&#8220; custom_margin=&#8220;||||false|false&#8220; custom_padding=&#8220;20px||||false|false&#8220; border_color_all=&#8220;rgba(255,255,255,0.24)&#8220; border_width_top=&#8220;1px&#8220; global_colors_info=&#8220;{}&#8220; theme_builder_area=&#8220;post_content&#8220; column_structure=&#8220;1_2,1_2&#8243;][et_pb_column type=&#8220;1_2&#8243; _builder_version=&#8220;4.23.2&#8243; _module_preset=&#8220;default&#8220; global_colors_info=&#8220;{}&#8220; theme_builder_area=&#8220;post_content&#8220;][et_pb_text _builder_version=&#8220;4.27.4&#8243; _dynamic_attributes=&#8220;content&#8220; _module_preset=&#8220;427f4d50-6a1d-4030-b591-6053abd09ab1&#8243; text_text_color=&#8220;#FFFFFF&#8220; text_orientation=&#8220;right&#8220; hover_enabled=&#8220;0&#8243; global_colors_info=&#8220;{}&#8220; theme_builder_area=&#8220;post_content&#8220; sticky_enabled=&#8220;0&#8243;]@ET-DC@eyJkeW5hbWljIjp0cnVlLCJjb250ZW50IjoiY3VycmVudF9kYXRlIiwic2V0dGluZ3MiOnsiYmVmb3JlIjoiQ29weXJpZ2h0ICZjb3B5OyAiLCJhZnRlciI6IiBBbGwgUmlnaHRzIFJlc2VydmVkLiIsImRhdGVfZm9ybWF0IjoiY3VzdG9tIiwiY3VzdG9tX2RhdGVfZm9ybWF0IjoiWSJ9fQ==@[\/et_pb_text][\/et_pb_column][et_pb_column type=&#8220;1_2&#8243; _builder_version=&#8220;4.23.2&#8243; _module_preset=&#8220;default&#8220; global_colors_info=&#8220;{}&#8220; theme_builder_area=&#8220;post_content&#8220;][et_pb_text _builder_version=&#8220;4.27.4&#8243; _module_preset=&#8220;default&#8220; theme_builder_area=&#8220;post_content&#8220; hover_enabled=&#8220;0&#8243; sticky_enabled=&#8220;0&#8243;]<p style=\"text-align: left;\"><span style=\"color: #ffffff;\">Impressum | Datenschutz<\/span><\/p>[\/et_pb_text][\/et_pb_column][\/et_pb_row][\/et_pb_section]","protected":false},"excerpt":{"rendered":"<p>Datenschutzerkl\u00e4rung 1. Verantwortlicher EKO LandschaftsgartenbauInhaber: Ekrem KryeziuSeestra\u00dfe 2273666 BaltmannsweilerTelefon: 0179 140 2338E-Mail: info@eko-garten.de 2. Erhebung und Speicherung personenbezogener Daten sowie Art und Zweck von deren Verwendung a) Beim Besuch der Website Beim Aufrufen unserer Website werden automatisch Informationen durch den Browser Ihres Endger\u00e4ts an den Server unserer Website gesendet. Diese Informationen werden tempor\u00e4r in sogenannten [&hellip;]<\/p>\n","protected":false},"author":1,"featured_media":0,"parent":0,"menu_order":0,"comment_status":"closed","ping_status":"closed","template":"","meta":{"_et_pb_use_builder":"on","_et_pb_old_content":"<!-- wp:heading -->\r\n<h2 class=\"wp-block-heading\">Who we are<\/h2>\r\n<!-- \/wp:heading --><!-- wp:paragraph -->\r\n<p><strong class=\"privacy-policy-tutorial\">Suggested text: <\/strong>Our website address is: https:\/\/eko-garten.de.<\/p>\r\n<!-- \/wp:paragraph --><!-- wp:heading -->\r\n<h2 class=\"wp-block-heading\">Comments<\/h2>\r\n<!-- \/wp:heading --><!-- wp:paragraph -->\r\n<p><strong class=\"privacy-policy-tutorial\">Suggested text: <\/strong>When visitors leave comments on the site we collect the data shown in the comments form, and also the visitor\u2019s IP address and browser user agent string to help spam detection.<\/p>\r\n<!-- \/wp:paragraph --><!-- wp:paragraph -->\r\n<p>An anonymized string created from your email address (also called a hash) may be provided to the Gravatar service to see if you are using it. The Gravatar service privacy policy is available here: https:\/\/automattic.com\/privacy\/. After approval of your comment, your profile picture is visible to the public in the context of your comment.<\/p>\r\n<!-- \/wp:paragraph --><!-- wp:heading -->\r\n<h2 class=\"wp-block-heading\">Media<\/h2>\r\n<!-- \/wp:heading --><!-- wp:paragraph -->\r\n<p><strong class=\"privacy-policy-tutorial\">Suggested text: <\/strong>If you upload images to the website, you should avoid uploading images with embedded location data (EXIF GPS) included. Visitors to the website can download and extract any location data from images on the website.<\/p>\r\n<!-- \/wp:paragraph --><!-- wp:heading -->\r\n<h2 class=\"wp-block-heading\">Cookies<\/h2>\r\n<!-- \/wp:heading --><!-- wp:paragraph -->\r\n<p><strong class=\"privacy-policy-tutorial\">Suggested text: <\/strong>If you leave a comment on our site you may opt-in to saving your name, email address and website in cookies. These are for your convenience so that you do not have to fill in your details again when you leave another comment. These cookies will last for one year.<\/p>\r\n<!-- \/wp:paragraph --><!-- wp:paragraph -->\r\n<p>If you visit our login page, we will set a temporary cookie to determine if your browser accepts cookies. This cookie contains no personal data and is discarded when you close your browser.<\/p>\r\n<!-- \/wp:paragraph --><!-- wp:paragraph -->\r\n<p>When you log in, we will also set up several cookies to save your login information and your screen display choices. Login cookies last for two days, and screen options cookies last for a year. If you select \"Remember Me\", your login will persist for two weeks. If you log out of your account, the login cookies will be removed.<\/p>\r\n<!-- \/wp:paragraph --><!-- wp:paragraph -->\r\n<p>If you edit or publish an article, an additional cookie will be saved in your browser. This cookie includes no personal data and simply indicates the post ID of the article you just edited. It expires after 1 day.<\/p>\r\n<!-- \/wp:paragraph --><!-- wp:heading -->\r\n<h2 class=\"wp-block-heading\">Embedded content from other websites<\/h2>\r\n<!-- \/wp:heading --><!-- wp:paragraph -->\r\n<p><strong class=\"privacy-policy-tutorial\">Suggested text: <\/strong>Articles on this site may include embedded content (e.g. videos, images, articles, etc.). Embedded content from other websites behaves in the exact same way as if the visitor has visited the other website.<\/p>\r\n<!-- \/wp:paragraph --><!-- wp:paragraph -->\r\n<p>These websites may collect data about you, use cookies, embed additional third-party tracking, and monitor your interaction with that embedded content, including tracking your interaction with the embedded content if you have an account and are logged in to that website.<\/p>\r\n<!-- \/wp:paragraph --><!-- wp:heading -->\r\n<h2 class=\"wp-block-heading\">Who we share your data with<\/h2>\r\n<!-- \/wp:heading --><!-- wp:paragraph -->\r\n<p><strong class=\"privacy-policy-tutorial\">Suggested text: <\/strong>If you request a password reset, your IP address will be included in the reset email.<\/p>\r\n<!-- \/wp:paragraph --><!-- wp:heading -->\r\n<h2 class=\"wp-block-heading\">How long we retain your data<\/h2>\r\n<!-- \/wp:heading --><!-- wp:paragraph -->\r\n<p><strong class=\"privacy-policy-tutorial\">Suggested text: <\/strong>If you leave a comment, the comment and its metadata are retained indefinitely. This is so we can recognize and approve any follow-up comments automatically instead of holding them in a moderation queue.<\/p>\r\n<!-- \/wp:paragraph --><!-- wp:paragraph -->\r\n<p>For users that register on our website (if any), we also store the personal information they provide in their user profile. All users can see, edit, or delete their personal information at any time (except they cannot change their username). Website administrators can also see and edit that information.<\/p>\r\n<!-- \/wp:paragraph --><!-- wp:heading -->\r\n<h2 class=\"wp-block-heading\">What rights you have over your data<\/h2>\r\n<!-- \/wp:heading --><!-- wp:paragraph -->\r\n<p><strong class=\"privacy-policy-tutorial\">Suggested text: <\/strong>If you have an account on this site, or have left comments, you can request to receive an exported file of the personal data we hold about you, including any data you have provided to us. You can also request that we erase any personal data we hold about you. This does not include any data we are obliged to keep for administrative, legal, or security purposes.<\/p>\r\n<!-- \/wp:paragraph --><!-- wp:heading -->\r\n<h2 class=\"wp-block-heading\">Where your data is sent<\/h2>\r\n<!-- \/wp:heading --><!-- wp:paragraph -->\r\n<p><strong class=\"privacy-policy-tutorial\">Suggested text: <\/strong>Visitor comments may be checked through an automated spam detection service.<\/p>\r\n<!-- \/wp:paragraph -->\r\n<p>\u00a0<\/p>","_et_gb_content_width":"","footnotes":""},"class_list":["post-3","page","type-page","status-publish","hentry"],"_links":{"self":[{"href":"https:\/\/eko-garten.de\/index.php\/wp-json\/wp\/v2\/pages\/3","targetHints":{"allow":["GET"]}}],"collection":[{"href":"https:\/\/eko-garten.de\/index.php\/wp-json\/wp\/v2\/pages"}],"about":[{"href":"https:\/\/eko-garten.de\/index.php\/wp-json\/wp\/v2\/types\/page"}],"author":[{"embeddable":true,"href":"https:\/\/eko-garten.de\/index.php\/wp-json\/wp\/v2\/users\/1"}],"replies":[{"embeddable":true,"href":"https:\/\/eko-garten.de\/index.php\/wp-json\/wp\/v2\/comments?post=3"}],"version-history":[{"count":8,"href":"https:\/\/eko-garten.de\/index.php\/wp-json\/wp\/v2\/pages\/3\/revisions"}],"predecessor-version":[{"id":121,"href":"https:\/\/eko-garten.de\/index.php\/wp-json\/wp\/v2\/pages\/3\/revisions\/121"}],"wp:attachment":[{"href":"https:\/\/eko-garten.de\/index.php\/wp-json\/wp\/v2\/media?parent=3"}],"curies":[{"name":"wp","href":"https:\/\/api.w.org\/{rel}","templated":true}]}}