{"id":2,"date":"2025-07-27T14:29:32","date_gmt":"2025-07-27T14:29:32","guid":{"rendered":"https:\/\/eko-garten.de\/?page_id=2"},"modified":"2025-12-02T22:46:14","modified_gmt":"2025-12-02T22:46:14","slug":"impressum","status":"publish","type":"page","link":"https:\/\/eko-garten.de\/index.php\/impressum\/","title":{"rendered":"Impressum"},"content":{"rendered":"[et_pb_section fb_built=&#8220;1&#8243; fullwidth=&#8220;on&#8220; _builder_version=&#8220;4.27.4&#8243; _module_preset=&#8220;default&#8220; global_colors_info=&#8220;{}&#8220;][et_pb_fullwidth_image src=&#8220;https:\/\/eko-garten.de\/wp-content\/uploads\/2025\/10\/de4c35fd-c859-4164-8d1b-0b0c9bd173af-e1761731483849.jpeg&#8220; title_text=&#8220;de4c35fd-c859-4164-8d1b-0b0c9bd173af&#8220; _builder_version=&#8220;4.27.4&#8243; _module_preset=&#8220;default&#8220; max_height=&#8220;313px&#8220; global_colors_info=&#8220;{}&#8220;][\/et_pb_fullwidth_image][\/et_pb_section][et_pb_section fb_built=&#8220;1&#8243; _builder_version=&#8220;4.16&#8243; global_colors_info=&#8220;{}&#8220;][et_pb_row _builder_version=&#8220;4.16&#8243; background_size=&#8220;initial&#8220; background_position=&#8220;top_left&#8220; background_repeat=&#8220;repeat&#8220; global_colors_info=&#8220;{}&#8220;][et_pb_column type=&#8220;4_4&#8243; _builder_version=&#8220;4.16&#8243; custom_padding=&#8220;|||&#8220; global_colors_info=&#8220;{}&#8220; custom_padding__hover=&#8220;|||&#8220;][et_pb_text _builder_version=&#8220;4.27.4&#8243; _module_preset=&#8220;af45fd58-6546-4f5e-b446-43c6b051b9ff&#8220; global_colors_info=&#8220;{}&#8220;]<h2>Impressum<\/h2>[\/et_pb_text][et_pb_text _builder_version=&#8220;4.27.4&#8243; background_size=&#8220;initial&#8220; background_position=&#8220;top_left&#8220; background_repeat=&#8220;repeat&#8220; global_colors_info=&#8220;{}&#8220;]<p data-start=\"378\" data-end=\"403\"><strong data-start=\"378\" data-end=\"403\">Angaben gem\u00e4\u00df \u00a7 5 TMG<\/strong><\/p>\n<p data-start=\"405\" data-end=\"508\">EKO Landschaftsgartenbau<br data-start=\"429\" data-end=\"432\" \/>Inhaber: <strong data-start=\"441\" data-end=\"453\">Ekrem Kryeziu<\/strong><br data-start=\"453\" data-end=\"456\" \/>Seestra\u00dfe 22<br data-start=\"468\" data-end=\"471\" \/>73666 Baltmannsweiler<br data-start=\"492\" data-end=\"495\" \/>Deutschland<\/p>\n<p data-start=\"510\" data-end=\"578\"><strong data-start=\"510\" data-end=\"522\">Kontakt:<\/strong><br data-start=\"522\" data-end=\"525\" \/>Telefon: 0179 140 2338<br data-start=\"547\" data-end=\"550\" \/>E-Mail: <a data-start=\"558\" data-end=\"576\" class=\"decorated-link cursor-pointer\" rel=\"noopener\">info@eko-garten.de<span aria-hidden=\"true\" class=\"ms-0.5 inline-block align-middle leading-none\"><svg width=\"20\" height=\"20\" viewbox=\"0 0 20 20\" fill=\"currentColor\" xmlns=\"http:\/\/www.w3.org\/2000\/svg\" data-rtl-flip=\"\" class=\"block h-[0.75em] w-[0.75em] stroke-current stroke-[0.75]\"><path d=\"M14.3349 13.3301V6.60645L5.47065 15.4707C5.21095 15.7304 4.78895 15.7304 4.52925 15.4707C4.26955 15.211 4.26955 14.789 4.52925 14.5293L13.3935 5.66504H6.66011C6.29284 5.66504 5.99507 5.36727 5.99507 5C5.99507 4.63273 6.29284 4.33496 6.66011 4.33496H14.9999L15.1337 4.34863C15.4369 4.41057 15.665 4.67857 15.665 5V13.3301C15.6649 13.6973 15.3672 13.9951 14.9999 13.9951C14.6327 13.9951 14.335 13.6973 14.3349 13.3301Z\"><\/path><\/svg><\/span><\/a><\/p>\n<p data-start=\"580\" data-end=\"653\"><strong data-start=\"580\" data-end=\"602\">Berufsbezeichnung:<\/strong><br data-start=\"602\" data-end=\"605\" \/>Garten- und Landschaftsbauer (Einzelunternehmen)<\/p>\n<p data-start=\"655\" data-end=\"788\"><strong data-start=\"655\" data-end=\"686\">Zust\u00e4ndige Handwerkskammer:<\/strong><br data-start=\"686\" data-end=\"689\" \/>Handwerkskammer Region Stuttgart<br data-start=\"721\" data-end=\"724\" \/>Heilbronner Stra\u00dfe 43<br data-start=\"745\" data-end=\"748\" \/>70191 Stuttgart<br data-start=\"763\" data-end=\"766\" \/>(<a data-start=\"767\" data-end=\"787\" rel=\"noopener\" target=\"_new\" class=\"decorated-link cursor-pointer\">www.hwk-stuttgart.de<span aria-hidden=\"true\" class=\"ms-0.5 inline-block align-middle leading-none\"><svg width=\"20\" height=\"20\" viewbox=\"0 0 20 20\" fill=\"currentColor\" xmlns=\"http:\/\/www.w3.org\/2000\/svg\" data-rtl-flip=\"\" class=\"block h-[0.75em] w-[0.75em] stroke-current stroke-[0.75]\"><path d=\"M14.3349 13.3301V6.60645L5.47065 15.4707C5.21095 15.7304 4.78895 15.7304 4.52925 15.4707C4.26955 15.211 4.26955 14.789 4.52925 14.5293L13.3935 5.66504H6.66011C6.29284 5.66504 5.99507 5.36727 5.99507 5C5.99507 4.63273 6.29284 4.33496 6.66011 4.33496H14.9999L15.1337 4.34863C15.4369 4.41057 15.665 4.67857 15.665 5V13.3301C15.6649 13.6973 15.3672 13.9951 14.9999 13.9951C14.6327 13.9951 14.335 13.6973 14.3349 13.3301Z\"><\/path><\/svg><\/span><\/a>)<\/p>\n<p data-start=\"790\" data-end=\"947\"><strong data-start=\"790\" data-end=\"861\">Umsatzsteuer-Identifikationsnummer gem\u00e4\u00df \u00a7 27 a Umsatzsteuergesetz:<\/strong><br data-start=\"861\" data-end=\"864\" \/>DE 458097586<\/p>\n<p data-start=\"1071\" data-end=\"1179\"><strong data-start=\"1071\" data-end=\"1127\">Verantwortlich f\u00fcr den Inhalt nach \u00a7 18 Abs. 2 MStV:<\/strong><br data-start=\"1127\" data-end=\"1130\" \/>Ekrem Kryeziu<br data-start=\"1138\" data-end=\"1141\" \/>Seestra\u00dfe 22<br data-start=\"1153\" data-end=\"1156\" \/>73666 Baltmannsweiler<\/p>\n<hr data-start=\"1181\" data-end=\"1184\" \/>\n<p data-start=\"1186\" data-end=\"1403\"><strong data-start=\"1186\" data-end=\"1209\">Haftungsausschluss:<\/strong><br data-start=\"1209\" data-end=\"1212\" \/>Trotz sorgf\u00e4ltiger inhaltlicher Kontrolle \u00fcbernehmen wir keine Haftung f\u00fcr die Inhalte externer Links. F\u00fcr den Inhalt der verlinkten Seiten sind ausschlie\u00dflich deren Betreiber verantwortlich.<\/p>\n<p><\/p>[\/et_pb_text][\/et_pb_column][\/et_pb_row][\/et_pb_section][et_pb_section fb_built=&#8220;1&#8243; admin_label=&#8220;Footer&#8220; _builder_version=&#8220;4.24.2&#8243; _module_preset=&#8220;default&#8220; background_color=&#8220;gcid-0a70bcaa-1736-40e0-9723-4fb88b8b6694&#8243; custom_padding=&#8220;23px||0px|||&#8220; global_module=&#8220;101&#8243; saved_tabs=&#8220;all&#8220; collapsed=&#8220;off&#8220; global_colors_info=&#8220;{%22gcid-0a70bcaa-1736-40e0-9723-4fb88b8b6694%22:%91%22background_color%22%93}&#8220;][et_pb_row _builder_version=&#8220;4.24.2&#8243; _module_preset=&#8220;default&#8220; global_colors_info=&#8220;{}&#8220;][et_pb_column type=&#8220;4_4&#8243; _builder_version=&#8220;4.24.2&#8243; _module_preset=&#8220;default&#8220; global_colors_info=&#8220;{}&#8220;][et_pb_image src=&#8220;https:\/\/eko-garten.de\/wp-content\/uploads\/2025\/10\/Logo_weiss.png&#8220; title_text=&#8220;Logo_weiss&#8220; align=&#8220;center&#8220; _builder_version=&#8220;4.27.4&#8243; _module_preset=&#8220;default&#8220; width=&#8220;21%&#8220; global_colors_info=&#8220;{}&#8220;][\/et_pb_image][\/et_pb_column][\/et_pb_row][et_pb_row _builder_version=&#8220;4.25.0&#8243; _module_preset=&#8220;default&#8220; custom_padding=&#8220;4px|||||&#8220; global_colors_info=&#8220;{}&#8220;][et_pb_column type=&#8220;4_4&#8243; _builder_version=&#8220;4.23.2&#8243; _module_preset=&#8220;default&#8220; global_colors_info=&#8220;{}&#8220;][et_pb_text _builder_version=&#8220;4.27.4&#8243; _module_preset=&#8220;f7412495-8582-42ed-9230-5b4a374cd445&#8243; text_text_color=&#8220;#FFFFFF&#8220; global_colors_info=&#8220;{}&#8220;]<p style=\"text-align: center;\"><span>Seestr. 22<br \/>73666 Baltmannsweiler<br \/><\/span><span>Tel.: 0179 140 2338<br \/>Mail: info@eko-garten.de<\/span><\/p>[\/et_pb_text][\/et_pb_column][\/et_pb_row][et_pb_row _builder_version=&#8220;4.25.0&#8243; _module_preset=&#8220;default&#8220; custom_margin=&#8220;||||false|false&#8220; custom_padding=&#8220;20px||||false|false&#8220; border_color_all=&#8220;rgba(255,255,255,0.24)&#8220; border_width_top=&#8220;1px&#8220; global_colors_info=&#8220;{}&#8220;][et_pb_column type=&#8220;4_4&#8243; _builder_version=&#8220;4.23.2&#8243; _module_preset=&#8220;default&#8220; global_colors_info=&#8220;{}&#8220;][et_pb_text _builder_version=&#8220;4.27.4&#8243; _dynamic_attributes=&#8220;content&#8220; _module_preset=&#8220;427f4d50-6a1d-4030-b591-6053abd09ab1&#8243; text_text_color=&#8220;#FFFFFF&#8220; text_orientation=&#8220;center&#8220; global_colors_info=&#8220;{}&#8220;]@ET-DC@eyJkeW5hbWljIjp0cnVlLCJjb250ZW50IjoiY3VycmVudF9kYXRlIiwic2V0dGluZ3MiOnsiYmVmb3JlIjoiQ29weXJpZ2h0ICZjb3B5OyAiLCJhZnRlciI6IiBBbGwgUmlnaHRzIFJlc2VydmVkLiIsImRhdGVfZm9ybWF0IjoiY3VzdG9tIiwiY3VzdG9tX2RhdGVfZm9ybWF0IjoiWSJ9fQ==@[\/et_pb_text][et_pb_text _builder_version=&#8220;4.27.4&#8243; _module_preset=&#8220;default&#8220; global_colors_info=&#8220;{}&#8220;]<p style=\"text-align: center;\"><span style=\"color: #ffffff;\"><span style=\"color: #99cc00;\"><a href=\"https:\/\/eko-garten.de\/index.php\/impressum\/\" style=\"color: #99cc00;\">Impressum<\/a><\/span> | <span style=\"color: #99cc00;\"><a href=\"https:\/\/eko-garten.de\/index.php\/datenschutz\/\" style=\"color: #99cc00;\">Datenschutz<\/a><\/span><\/span><\/p>[\/et_pb_text][\/et_pb_column][\/et_pb_row][\/et_pb_section]<!-- \/wp:post-content -->","protected":false},"excerpt":{"rendered":"<p>ImpressumAngaben gem\u00e4\u00df \u00a7 5 TMG EKO LandschaftsgartenbauInhaber: Ekrem KryeziuSeestra\u00dfe 2273666 BaltmannsweilerDeutschland Kontakt:Telefon: 0179 140 2338E-Mail: info@eko-garten.de Berufsbezeichnung:Garten- und Landschaftsbauer (Einzelunternehmen) Zust\u00e4ndige Handwerkskammer:Handwerkskammer Region StuttgartHeilbronner Stra\u00dfe 4370191 Stuttgart(www.hwk-stuttgart.de) Umsatzsteuer-Identifikationsnummer gem\u00e4\u00df \u00a7 27 a Umsatzsteuergesetz:DE 458097586 Verantwortlich f\u00fcr den Inhalt nach \u00a7 18 Abs. 2 MStV:Ekrem KryeziuSeestra\u00dfe 2273666 Baltmannsweiler Haftungsausschluss:Trotz sorgf\u00e4ltiger inhaltlicher Kontrolle \u00fcbernehmen wir keine Haftung [&hellip;]<\/p>\n","protected":false},"author":1,"featured_media":0,"parent":0,"menu_order":0,"comment_status":"closed","ping_status":"closed","template":"","meta":{"_et_pb_use_builder":"on","_et_pb_old_content":"<!-- wp:paragraph -->\r\n<p>This is an example page. It's different from a blog post because it will stay in one place and will show up in your site navigation (in most themes). Most people start with an About page that introduces them to potential site visitors. It might say something like this:<\/p>\r\n<!-- \/wp:paragraph --><!-- wp:quote -->\r\n<blockquote class=\"wp-block-quote\">\r\n<p>Hi there! I'm a bike messenger by day, aspiring actor by night, and this is my website. I live in Los Angeles, have a great dog named Jack, and I like pi\u00f1a coladas. (And gettin' caught in the rain.)<\/p>\r\n<\/blockquote>\r\n<!-- \/wp:quote --><!-- wp:paragraph -->\r\n<p>...or something like this:<\/p>\r\n<!-- \/wp:paragraph --><!-- wp:quote -->\r\n<blockquote class=\"wp-block-quote\">\r\n<p>The XYZ Doohickey Company was founded in 1971, and has been providing quality doohickeys to the public ever since. Located in Gotham City, XYZ employs over 2,000 people and does all kinds of awesome things for the Gotham community.<\/p>\r\n<\/blockquote>\r\n<!-- \/wp:quote --><!-- wp:paragraph -->\r\n<p>As a new WordPress user, you should go to <a href=\"https:\/\/eko-garten.de\/wp-admin\/\">your dashboard<\/a> to delete this page and create new pages for your content. Have fun!<\/p>\r\n<!-- \/wp:paragraph -->","_et_gb_content_width":"","footnotes":""},"class_list":["post-2","page","type-page","status-publish","hentry"],"_links":{"self":[{"href":"https:\/\/eko-garten.de\/index.php\/wp-json\/wp\/v2\/pages\/2","targetHints":{"allow":["GET"]}}],"collection":[{"href":"https:\/\/eko-garten.de\/index.php\/wp-json\/wp\/v2\/pages"}],"about":[{"href":"https:\/\/eko-garten.de\/index.php\/wp-json\/wp\/v2\/types\/page"}],"author":[{"embeddable":true,"href":"https:\/\/eko-garten.de\/index.php\/wp-json\/wp\/v2\/users\/1"}],"replies":[{"embeddable":true,"href":"https:\/\/eko-garten.de\/index.php\/wp-json\/wp\/v2\/comments?post=2"}],"version-history":[{"count":11,"href":"https:\/\/eko-garten.de\/index.php\/wp-json\/wp\/v2\/pages\/2\/revisions"}],"predecessor-version":[{"id":342,"href":"https:\/\/eko-garten.de\/index.php\/wp-json\/wp\/v2\/pages\/2\/revisions\/342"}],"wp:attachment":[{"href":"https:\/\/eko-garten.de\/index.php\/wp-json\/wp\/v2\/media?parent=2"}],"curies":[{"name":"wp","href":"https:\/\/api.w.org\/{rel}","templated":true}]}}